{"id":1978,"date":"2020-09-03T08:15:35","date_gmt":"2020-09-03T08:15:35","guid":{"rendered":"https:\/\/demo2wpopal.b-cdn.net\/poco\/?page_id=1978"},"modified":"2024-12-05T06:03:23","modified_gmt":"2024-12-05T06:03:23","slug":"menu","status":"publish","type":"page","link":"https:\/\/www.mutfak.ca\/en\/menu\/","title":{"rendered":"Menu"},"content":{"rendered":"<div data-elementor-type=\"wp-page\" data-elementor-id=\"1978\" class=\"elementor elementor-1978\" data-elementor-post-type=\"page\">\n\t\t\t\t\t\t\t\t\t<div class=\"elementor-section elementor-top-section elementor-element elementor-element-3444173 elementor-section-stretched elementor-section-content-bottom elementor-section-boxed elementor-section-height-default elementor-section-height-default\" data-id=\"3444173\" data-element_type=\"section\" data-settings=\"{&quot;stretch_section&quot;:&quot;section-stretched&quot;,&quot;background_background&quot;:&quot;classic&quot;}\">\n\t\t\t\t\t\t<div class=\"elementor-container elementor-column-gap-no\">\n\t\t\t\t\t<div class=\"elementor-column elementor-col-16 elementor-top-column elementor-element elementor-element-bb1377a animated-fast elementor-invisible\" data-id=\"bb1377a\" data-element_type=\"column\" data-settings=\"{&quot;animation&quot;:&quot;opal-move-up&quot;,&quot;animation_delay&quot;:100}\">\n\t\t\t<div class=\"elementor-widget-wrap elementor-element-populated\">\n\t\t\t\t\t\t\t\t<div class=\"elementor-element elementor-element-ccf7568 elementor-widget elementor-widget-poco-product-categories\" data-id=\"ccf7568\" data-element_type=\"widget\" data-widget_type=\"poco-product-categories.default\">\n\t\t\t\t<div class=\"elementor-widget-container\">\n\t\t\t\n            <div class=\"product-cat\">\n                <div class=\"cat-image\">\n                    <a class=\"link_category_product\" href=\"https:\/\/www.mutfak.ca\/en\/product-category\/baslangiclar\/\" title=\"Appetizers\">\n                        <img decoding=\"async\" src=\"https:\/\/www.mutfak.ca\/wp-content\/uploads\/2023\/09\/120x80-baslangic-png-patates-kizarmtasi.png\" alt=\"Ba\u015flang\u0131\u00e7lar\">\n                    <\/a>\n                    <div class=\"product-cat-caption\">\n                        <div class=\"cat-title\">\n                            <a href=\"https:\/\/www.mutfak.ca\/en\/product-category\/baslangiclar\/\" title=\"Appetizers\">\n                                <span class=\"cats-title-text\">Appetizers<\/span>\n                            <\/a>\n                            <div class=\"cat-total\">11<\/div>\n                        <\/div>\n\n                    <\/div>\n                <\/div>\n            <\/div>\n            \t\t<\/div>\n\t\t\t\t<\/div>\n\t\t\t\t\t<\/div>\n\t\t<\/div>\n\t\t\t\t<div class=\"elementor-column elementor-col-16 elementor-top-column elementor-element elementor-element-2b15b2b animated-fast elementor-invisible\" data-id=\"2b15b2b\" data-element_type=\"column\" data-settings=\"{&quot;animation&quot;:&quot;opal-move-up&quot;,&quot;animation_delay&quot;:250}\">\n\t\t\t<div class=\"elementor-widget-wrap elementor-element-populated\">\n\t\t\t\t\t\t\t\t<div class=\"elementor-element elementor-element-6e11491 elementor-widget elementor-widget-poco-product-categories\" data-id=\"6e11491\" data-element_type=\"widget\" data-widget_type=\"poco-product-categories.default\">\n\t\t\t\t<div class=\"elementor-widget-container\">\n\t\t\t\n            <div class=\"product-cat\">\n                <div class=\"cat-image\">\n                    <a class=\"link_category_product\" href=\"https:\/\/www.mutfak.ca\/en\/product-category\/corbalar\/\" title=\"Soups\">\n                        <img decoding=\"async\" src=\"https:\/\/www.mutfak.ca\/wp-content\/uploads\/2023\/09\/120x80-corbalar.png\" alt=\"\u00c7orbalar\">\n                    <\/a>\n                    <div class=\"product-cat-caption\">\n                        <div class=\"cat-title\">\n                            <a href=\"https:\/\/www.mutfak.ca\/en\/product-category\/corbalar\/\" title=\"Soups\">\n                                <span class=\"cats-title-text\">Soups<\/span>\n                            <\/a>\n                            <div class=\"cat-total\">4<\/div>\n                        <\/div>\n\n                    <\/div>\n                <\/div>\n            <\/div>\n            \t\t<\/div>\n\t\t\t\t<\/div>\n\t\t\t\t\t<\/div>\n\t\t<\/div>\n\t\t\t\t<div class=\"elementor-column elementor-col-16 elementor-top-column elementor-element elementor-element-77600a6 animated-fast elementor-invisible\" data-id=\"77600a6\" data-element_type=\"column\" data-settings=\"{&quot;animation&quot;:&quot;opal-move-up&quot;,&quot;animation_delay&quot;:250}\">\n\t\t\t<div class=\"elementor-widget-wrap elementor-element-populated\">\n\t\t\t\t\t\t\t\t<div class=\"elementor-element elementor-element-dcdcb78 elementor-widget elementor-widget-poco-product-categories\" data-id=\"dcdcb78\" data-element_type=\"widget\" data-widget_type=\"poco-product-categories.default\">\n\t\t\t\t<div class=\"elementor-widget-container\">\n\t\t\t\n            <div class=\"product-cat\">\n                <div class=\"cat-image\">\n                    <a class=\"link_category_product\" href=\"https:\/\/www.mutfak.ca\/en\/product-category\/ana-yemekler\/\" title=\"Main Dishes\">\n                        <img decoding=\"async\" src=\"https:\/\/www.mutfak.ca\/wp-content\/uploads\/2023\/09\/ana-yemek-120x80-kofte.png\" alt=\"Ana Yemekler\">\n                    <\/a>\n                    <div class=\"product-cat-caption\">\n                        <div class=\"cat-title\">\n                            <a href=\"https:\/\/www.mutfak.ca\/en\/product-category\/ana-yemekler\/\" title=\"Main Dishes\">\n                                <span class=\"cats-title-text\">Main Dishes<\/span>\n                            <\/a>\n                            <div class=\"cat-total\">15<\/div>\n                        <\/div>\n\n                    <\/div>\n                <\/div>\n            <\/div>\n            \t\t<\/div>\n\t\t\t\t<\/div>\n\t\t\t\t\t<\/div>\n\t\t<\/div>\n\t\t\t\t<div class=\"elementor-column elementor-col-16 elementor-top-column elementor-element elementor-element-8d59144 animated-fast elementor-invisible\" data-id=\"8d59144\" data-element_type=\"column\" data-settings=\"{&quot;animation&quot;:&quot;opal-move-up&quot;,&quot;animation_delay&quot;:150}\">\n\t\t\t<div class=\"elementor-widget-wrap elementor-element-populated\">\n\t\t\t\t\t\t\t\t<div class=\"elementor-element elementor-element-6fab647 elementor-widget elementor-widget-poco-product-categories\" data-id=\"6fab647\" data-element_type=\"widget\" data-widget_type=\"poco-product-categories.default\">\n\t\t\t\t<div class=\"elementor-widget-container\">\n\t\t\t\n            <div class=\"product-cat\">\n                <div class=\"cat-image\">\n                    <a class=\"link_category_product\" href=\"https:\/\/www.mutfak.ca\/en\/product-category\/tatlilar\/\" title=\"Desserts\">\n                        <img decoding=\"async\" src=\"https:\/\/www.mutfak.ca\/wp-content\/uploads\/2023\/09\/tatlilar-120x80-png.png\" alt=\"Tatl\u0131lar\">\n                    <\/a>\n                    <div class=\"product-cat-caption\">\n                        <div class=\"cat-title\">\n                            <a href=\"https:\/\/www.mutfak.ca\/en\/product-category\/tatlilar\/\" title=\"Desserts\">\n                                <span class=\"cats-title-text\">Desserts<\/span>\n                            <\/a>\n                            <div class=\"cat-total\">4<\/div>\n                        <\/div>\n\n                    <\/div>\n                <\/div>\n            <\/div>\n            \t\t<\/div>\n\t\t\t\t<\/div>\n\t\t\t\t\t<\/div>\n\t\t<\/div>\n\t\t\t\t<div class=\"elementor-column elementor-col-16 elementor-top-column elementor-element elementor-element-eb216a1 animated-fast elementor-invisible\" data-id=\"eb216a1\" data-element_type=\"column\" data-settings=\"{&quot;animation&quot;:&quot;opal-move-up&quot;,&quot;animation_delay&quot;:250}\">\n\t\t\t<div class=\"elementor-widget-wrap elementor-element-populated\">\n\t\t\t\t\t\t\t\t<div class=\"elementor-element elementor-element-22d3a14 elementor-widget elementor-widget-poco-product-categories\" data-id=\"22d3a14\" data-element_type=\"widget\" data-widget_type=\"poco-product-categories.default\">\n\t\t\t\t<div class=\"elementor-widget-container\">\n\t\t\t\n            <div class=\"product-cat\">\n                <div class=\"cat-image\">\n                    <a class=\"link_category_product\" href=\"https:\/\/www.mutfak.ca\/en\/product-category\/icecekler\/\" title=\"Drinks\">\n                        <img decoding=\"async\" src=\"https:\/\/www.mutfak.ca\/wp-content\/uploads\/2023\/09\/icecekler-120x80-1.png\" alt=\"\u0130\u00e7ecekler\">\n                    <\/a>\n                    <div class=\"product-cat-caption\">\n                        <div class=\"cat-title\">\n                            <a href=\"https:\/\/www.mutfak.ca\/en\/product-category\/icecekler\/\" title=\"Drinks\">\n                                <span class=\"cats-title-text\">Drinks<\/span>\n                            <\/a>\n                            <div class=\"cat-total\">6<\/div>\n                        <\/div>\n\n                    <\/div>\n                <\/div>\n            <\/div>\n            \t\t<\/div>\n\t\t\t\t<\/div>\n\t\t\t\t\t<\/div>\n\t\t<\/div>\n\t\t\t\t<div class=\"elementor-column elementor-col-16 elementor-top-column elementor-element elementor-element-dabaf62 animated-fast elementor-invisible\" data-id=\"dabaf62\" data-element_type=\"column\" data-settings=\"{&quot;animation&quot;:&quot;opal-move-up&quot;,&quot;animation_delay&quot;:250}\">\n\t\t\t<div class=\"elementor-widget-wrap elementor-element-populated\">\n\t\t\t\t\t\t\t\t<div class=\"elementor-element elementor-element-47601b7 elementor-widget elementor-widget-poco-product-categories\" data-id=\"47601b7\" data-element_type=\"widget\" data-widget_type=\"poco-product-categories.default\">\n\t\t\t\t<div class=\"elementor-widget-container\">\n\t\t\t\n            <div class=\"product-cat\">\n                <div class=\"cat-image\">\n                    <a class=\"link_category_product\" href=\"https:\/\/www.mutfak.ca\/en\/product-category\/combo\/\" title=\"Combo\">\n                        <img decoding=\"async\" src=\"https:\/\/www.mutfak.ca\/wp-content\/uploads\/2020\/09\/category-55.png\" alt=\"Combo\">\n                    <\/a>\n                    <div class=\"product-cat-caption\">\n                        <div class=\"cat-title\">\n                            <a href=\"https:\/\/www.mutfak.ca\/en\/product-category\/combo\/\" title=\"Combo\">\n                                <span class=\"cats-title-text\">combo<\/span>\n                            <\/a>\n                            <div class=\"cat-total\">0<\/div>\n                        <\/div>\n\n                    <\/div>\n                <\/div>\n            <\/div>\n            \t\t<\/div>\n\t\t\t\t<\/div>\n\t\t\t\t\t<\/div>\n\t\t<\/div>\n\t\t\t\t\t\t\t<\/div>\n\t\t<\/div>\n\t\t\t\t<div class=\"elementor-section elementor-top-section elementor-element elementor-element-9608719 elementor-section-stretched elementor-section-boxed elementor-section-height-default elementor-section-height-default\" data-id=\"9608719\" data-element_type=\"section\" data-settings=\"{&quot;stretch_section&quot;:&quot;section-stretched&quot;}\">\n\t\t\t\t\t\t<div class=\"elementor-container elementor-column-gap-no\">\n\t\t\t\t\t<div class=\"elementor-column elementor-col-33 elementor-top-column elementor-element elementor-element-9ca6f42 animated-fast elementor-invisible\" data-id=\"9ca6f42\" data-element_type=\"column\" data-settings=\"{&quot;animation&quot;:&quot;opal-move-up&quot;}\">\n\t\t\t<div class=\"elementor-widget-wrap elementor-element-populated\">\n\t\t\t\t\t\t\t\t<div class=\"elementor-element elementor-element-9b4a792 elementor-position-left elementor-vertical-align-middle elementor-view-default elementor-mobile-position-top elementor-widget elementor-widget-icon-box\" data-id=\"9b4a792\" data-element_type=\"widget\" data-widget_type=\"icon-box.default\">\n\t\t\t\t<div class=\"elementor-widget-container\">\n\t\t\t<link rel=\"stylesheet\" href=\"http:\/\/www.mutfak.ca\/wp-content\/plugins\/elementor\/assets\/css\/widget-icon-box.min.css\">\t\t<div class=\"elementor-icon-box-wrapper\">\n\t\t\t\t\t\t<div class=\"elementor-icon-box-icon\">\n\t\t\t\t<span class=\"elementor-icon elementor-animation-grow\" >\n\t\t\t\t<i aria-hidden=\"true\" class=\"poco-icon- poco-icon-shield-check\"><\/i>\t\t\t\t<\/span>\n\t\t\t<\/div>\n\t\t\t\t\t\t<div class=\"elementor-icon-box-content\">\n\t\t\t\t<h3 class=\"elementor-icon-box-title\">\n\t\t\t\t\t<span  >\n\t\t\t\t\t\tSafe Shopping\t\t\t\t\t<\/span>\n\t\t\t\t<\/h3>\n\t\t\t\t\t\t\t\t\t<p class=\"elementor-icon-box-description\">\n\t\t\t\t\t\tPlace your orders with confidence. We bring flavours to your door with our fast delivery service.\t\t\t\t\t<\/p>\n\t\t\t\t\t\t\t<\/div>\n\t\t<\/div>\n\t\t\t\t<\/div>\n\t\t\t\t<\/div>\n\t\t\t\t\t<\/div>\n\t\t<\/div>\n\t\t\t\t<div class=\"elementor-column elementor-col-33 elementor-top-column elementor-element elementor-element-4ba6fc9 animated-fast elementor-invisible\" data-id=\"4ba6fc9\" data-element_type=\"column\" data-settings=\"{&quot;animation&quot;:&quot;opal-move-up&quot;,&quot;animation_delay&quot;:150}\">\n\t\t\t<div class=\"elementor-widget-wrap elementor-element-populated\">\n\t\t\t\t\t\t\t\t<div class=\"elementor-element elementor-element-7fe2240 elementor-position-left elementor-vertical-align-middle elementor-view-default elementor-mobile-position-top elementor-widget elementor-widget-icon-box\" data-id=\"7fe2240\" data-element_type=\"widget\" data-widget_type=\"icon-box.default\">\n\t\t\t\t<div class=\"elementor-widget-container\">\n\t\t\t\t\t<div class=\"elementor-icon-box-wrapper\">\n\t\t\t\t\t\t<div class=\"elementor-icon-box-icon\">\n\t\t\t\t<span class=\"elementor-icon elementor-animation-grow\" >\n\t\t\t\t<i aria-hidden=\"true\" class=\"poco-icon- poco-icon-pizza\"><\/i>\t\t\t\t<\/span>\n\t\t\t<\/div>\n\t\t\t\t\t\t<div class=\"elementor-icon-box-content\">\n\t\t\t\t<h3 class=\"elementor-icon-box-title\">\n\t\t\t\t\t<span  >\n\t\t\t\t\t\tFlavourful Menu\t\t\t\t\t<\/span>\n\t\t\t\t<\/h3>\n\t\t\t\t\t\t\t\t\t<p class=\"elementor-icon-box-description\">\n\t\t\t\t\t\tDiscover the unique flavours prepared by our experienced chefs.\t\t\t\t\t<\/p>\n\t\t\t\t\t\t\t<\/div>\n\t\t<\/div>\n\t\t\t\t<\/div>\n\t\t\t\t<\/div>\n\t\t\t\t\t<\/div>\n\t\t<\/div>\n\t\t\t\t<div class=\"elementor-column elementor-col-33 elementor-top-column elementor-element elementor-element-c064d2a animated-fast elementor-invisible\" data-id=\"c064d2a\" data-element_type=\"column\" data-settings=\"{&quot;animation&quot;:&quot;opal-move-up&quot;,&quot;animation_delay&quot;:300}\">\n\t\t\t<div class=\"elementor-widget-wrap elementor-element-populated\">\n\t\t\t\t\t\t\t\t<div class=\"elementor-element elementor-element-836c173 elementor-position-left elementor-vertical-align-middle elementor-view-default elementor-mobile-position-top elementor-widget elementor-widget-icon-box\" data-id=\"836c173\" data-element_type=\"widget\" data-widget_type=\"icon-box.default\">\n\t\t\t\t<div class=\"elementor-widget-container\">\n\t\t\t\t\t<div class=\"elementor-icon-box-wrapper\">\n\t\t\t\t\t\t<div class=\"elementor-icon-box-icon\">\n\t\t\t\t<span class=\"elementor-icon elementor-animation-grow\" >\n\t\t\t\t<i aria-hidden=\"true\" class=\"poco-icon- poco-icon-store\"><\/i>\t\t\t\t<\/span>\n\t\t\t<\/div>\n\t\t\t\t\t\t<div class=\"elementor-icon-box-content\">\n\t\t\t\t<h3 class=\"elementor-icon-box-title\">\n\t\t\t\t\t<span  >\n\t\t\t\t\t\tFresh and Quality Products\t\t\t\t\t<\/span>\n\t\t\t\t<\/h3>\n\t\t\t\t\t\t\t\t\t<p class=\"elementor-icon-box-description\">\n\t\t\t\t\t\tEach flavour is served with carefully selected ingredients. \t\t\t\t\t<\/p>\n\t\t\t\t\t\t\t<\/div>\n\t\t<\/div>\n\t\t\t\t<\/div>\n\t\t\t\t<\/div>\n\t\t\t\t\t<\/div>\n\t\t<\/div>\n\t\t\t\t\t\t\t<\/div>\n\t\t<\/div>\n\t\t\t\t\t\t\t<\/div>","protected":false},"excerpt":{"rendered":"<p>Ba\u015flang\u0131\u00e7lar 11 \u00e7orbalar 4 ana yemekler 15 Tat\u0131lar 4 i\u00e7ecekler 6 combo 0 G\u00fcvenli Al\u0131\u015fveri\u015f Sipari\u015flerinizi g\u00fcvenle verin. H\u0131zl\u0131 teslimat hizmetimiz ile lezzetleri kap\u0131n\u0131za getiriyoruz. Lezzet Dolu Men\u00fc Deneyimli \u015feflerimizin haz\u0131rlad\u0131\u011f\u0131 e\u015fsiz lezzetleri ke\u015ffedin. Taze ve Kaliteli \u00dcr\u00fcnler Her bir lezzet, \u00f6zenle se\u00e7ilmi\u015f malzemelerle sunulur.<\/p>","protected":false},"author":1,"featured_media":0,"parent":0,"menu_order":0,"comment_status":"closed","ping_status":"closed","template":"","meta":{"footnotes":""},"class_list":["post-1978","page","type-page","status-publish","hentry"],"_links":{"self":[{"href":"https:\/\/www.mutfak.ca\/en\/wp-json\/wp\/v2\/pages\/1978","targetHints":{"allow":["GET"]}}],"collection":[{"href":"https:\/\/www.mutfak.ca\/en\/wp-json\/wp\/v2\/pages"}],"about":[{"href":"https:\/\/www.mutfak.ca\/en\/wp-json\/wp\/v2\/types\/page"}],"author":[{"embeddable":true,"href":"https:\/\/www.mutfak.ca\/en\/wp-json\/wp\/v2\/users\/1"}],"replies":[{"embeddable":true,"href":"https:\/\/www.mutfak.ca\/en\/wp-json\/wp\/v2\/comments?post=1978"}],"version-history":[{"count":1,"href":"https:\/\/www.mutfak.ca\/en\/wp-json\/wp\/v2\/pages\/1978\/revisions"}],"predecessor-version":[{"id":7644,"href":"https:\/\/www.mutfak.ca\/en\/wp-json\/wp\/v2\/pages\/1978\/revisions\/7644"}],"wp:attachment":[{"href":"https:\/\/www.mutfak.ca\/en\/wp-json\/wp\/v2\/media?parent=1978"}],"curies":[{"name":"wp","href":"https:\/\/api.w.org\/{rel}","templated":true}]}}