{"id":7655,"date":"2025-09-01T00:06:14","date_gmt":"2025-09-01T00:06:14","guid":{"rendered":"https:\/\/www.mutfak.ca\/?post_type=product&#038;p=7655"},"modified":"2025-10-09T01:35:56","modified_gmt":"2025-10-09T01:35:56","slug":"toplu-yemek-organizasyonu-50-kisiye-kadar-profesyonel-catering","status":"publish","type":"product","link":"https:\/\/www.mutfak.ca\/en\/product\/toplu-yemek-organizasyonu-50-kisiye-kadar-profesyonel-catering\/","title":{"rendered":"Toplu Yemek Organizasyonu \u2013 50 Ki\u015fiye Kadar Profesyonel Catering"},"content":{"rendered":"<p data-start=\"430\" data-end=\"943\"><span dir=\"auto\" style=\"vertical-align: inherit;\"><span dir=\"auto\" style=\"vertical-align: inherit;\">\u00d6zel davetler, d\u00fc\u011f\u00fcnler, \u015firket etkinlikleri, okul ve dernek organizasyonlar\u0131 i\u00e7in 100 ki\u015fiye kadar profesyonel yemek hizmeti sunuyoruz. Usta a\u015f\u00e7\u0131lar\u0131m\u0131z taraf\u0131ndan hijyenik mutfaklarda haz\u0131rlanan men\u00fclerimiz, farkl\u0131 damak tatlar\u0131na hitap edecek \u015fekilde \u00e7e\u015fitlendirilir.<\/span><\/span><br data-start=\"726\" data-end=\"729\" \/>\ud83d\udc49<span dir=\"auto\" style=\"vertical-align: inherit;\"><span dir=\"auto\" style=\"vertical-align: inherit;\"> Men\u00fc se\u00e7enekleri: Etli, tavuklu, sebzeli, vegan ve \u00f6zel diyet men\u00fcleri.<\/span><\/span><br data-start=\"803\" data-end=\"806\" \/>\ud83d\udc49<span dir=\"auto\" style=\"vertical-align: inherit;\"><span dir=\"auto\" style=\"vertical-align: inherit;\"> Hizmet alanlar\u0131: Toronto ve \u00e7evresi (detayl\u0131 teslimat b\u00f6lgeleri belirtilebilir).<\/span><\/span><br data-start=\"890\" data-end=\"893\" \/>\ud83d\udc49<span dir=\"auto\" style=\"vertical-align: inherit;\"><span dir=\"auto\" style=\"vertical-align: inherit;\"> Profesyonel servis ekibi ve lojistik deste\u011fi.<\/span><\/span><\/p>","protected":false},"excerpt":{"rendered":"<p>\u00d6zel davetler, d\u00fc\u011f\u00fcnler, \u015firket etkinlikleri, okul ve dernek organizasyonlar\u0131 i\u00e7in 100 ki\u015fiye kadar profesyonel yemek hizmeti sunuyoruz. Usta a\u015f\u00e7\u0131lar\u0131m\u0131z taraf\u0131ndan hijyenik mutfaklarda haz\u0131rlanan men\u00fclerimiz, farkl\u0131 damak tatlar\u0131na hitap edecek \u015fekilde \u00e7e\u015fitlendirilir.\ud83d\udc49 Men\u00fc se\u00e7enekleri: Etli, tavuklu, sebzeli, vegan ve \u00f6zel diyet men\u00fcleri.\ud83d\udc49 Hizmet alanlar\u0131: Toronto ve \u00e7evresi (detayl\u0131 teslimat b\u00f6lgeleri belirtilebilir).\ud83d\udc49 Profesyonel servis ekibi ve lojistik [&hellip;]<\/p>","protected":false},"featured_media":7597,"comment_status":"open","ping_status":"closed","template":"","meta":[],"product_cat":[138],"product_tag":[],"class_list":["post-7655","product","type-product","status-publish","has-post-thumbnail","hentry","product_cat-toplu-siparis"],"_links":{"self":[{"href":"https:\/\/www.mutfak.ca\/en\/wp-json\/wp\/v2\/product\/7655","targetHints":{"allow":["GET"]}}],"collection":[{"href":"https:\/\/www.mutfak.ca\/en\/wp-json\/wp\/v2\/product"}],"about":[{"href":"https:\/\/www.mutfak.ca\/en\/wp-json\/wp\/v2\/types\/product"}],"replies":[{"embeddable":true,"href":"https:\/\/www.mutfak.ca\/en\/wp-json\/wp\/v2\/comments?post=7655"}],"wp:featuredmedia":[{"embeddable":true,"href":"https:\/\/www.mutfak.ca\/en\/wp-json\/wp\/v2\/media\/7597"}],"wp:attachment":[{"href":"https:\/\/www.mutfak.ca\/en\/wp-json\/wp\/v2\/media?parent=7655"}],"wp:term":[{"taxonomy":"product_cat","embeddable":true,"href":"https:\/\/www.mutfak.ca\/en\/wp-json\/wp\/v2\/product_cat?post=7655"},{"taxonomy":"product_tag","embeddable":true,"href":"https:\/\/www.mutfak.ca\/en\/wp-json\/wp\/v2\/product_tag?post=7655"}],"curies":[{"name":"wp","href":"https:\/\/api.w.org\/{rel}","templated":true}]}}